{"id":76,"date":"2024-01-17T16:18:28","date_gmt":"2024-01-17T16:18:28","guid":{"rendered":"https:\/\/walkingbus.eu\/?page_id=76"},"modified":"2025-03-30T16:17:39","modified_gmt":"2025-03-30T16:17:39","slug":"contact","status":"publish","type":"page","link":"https:\/\/walkingbus.eu\/tr\/contact\/","title":{"rendered":"\u0130leti\u015fim"},"content":{"rendered":"<div data-elementor-type=\"wp-page\" data-elementor-id=\"76\" class=\"elementor elementor-76\">\n\t\t\t\t<div class=\"elementor-element elementor-element-ccb20ff e-flex e-con-boxed e-con e-parent\" data-id=\"ccb20ff\" data-element_type=\"container\" data-e-type=\"container\">\n\t\t\t\t\t<div class=\"e-con-inner\">\n\t\t\t\t<div class=\"elementor-element elementor-element-1641a72 elementor-widget elementor-widget-heading\" data-id=\"1641a72\" data-element_type=\"widget\" data-e-type=\"widget\" data-widget_type=\"heading.default\">\n\t\t\t\t<div class=\"elementor-widget-container\">\n\t\t\t\t\t<h2 class=\"elementor-heading-title elementor-size-default\">\u0130leti\u015fim<\/h2>\t\t\t\t<\/div>\n\t\t\t\t<\/div>\n\t\t\t\t<div class=\"elementor-element elementor-element-be0df27 elementor-widget elementor-widget-text-editor\" data-id=\"be0df27\" data-element_type=\"widget\" data-e-type=\"widget\" data-widget_type=\"text-editor.default\">\n\t\t\t\t<div class=\"elementor-widget-container\">\n\t\t\t\t\t\t\t\t\t<p>Bir sorunuz veya yorumunuz varsa ya da sadece WalkingBus hakk\u0131nda daha fazla bilgi edinmek istiyorsan\u0131z, l\u00fctfen bizimle ileti\u015fime ge\u00e7in:<\/p>\n<p><strong>Proje Y\u00f6neticisi<\/strong><\/p>\n<p><strong>Dimitrios Nalmpantis<\/strong><br><span style=\"background-color: var(--ast-global-color-5); color: var( --e-global-color-text ); font-family: var( --e-global-typography-text-font-family ), Sans-serif; font-style: inherit; font-weight: inherit; text-align: var(--text-align);\">Dr. M\u00fch. (Ula\u015ft\u0131rma), MA (\u0130nsan), Dipl. M\u00fch. (\u0130n\u015faat)<br><\/span>Laboratuvar. \u00d6\u011fretim Fak\u00fcltesi AUTh<br>Ula\u015ft\u0131rma M\u00fchendisli\u011fi Laboratuvar\u0131 AUTh, Ula\u015ft\u0131rma ve Proje Y\u00f6netimi B\u00f6l\u00fcm\u00fc,<br>\u0130n\u015faat M\u00fchendisli\u011fi Fak\u00fcltesi, M\u00fchendislik Fak\u00fcltesi AUTh<br>1<sup>st<\/sup>&nbsp;fl., Edron Bldg., M\u00fchendislik Fak\u00fcltesi, AUTh Kamp\u00fcs\u00fc, Selanik 541 24, Yunanistan.<\/p>\n<p>t: +302310995811<br>f: +302310995789<br>e: dnalba(at)civil.auth.gr<br>w:&nbsp;<a href=\"https:\/\/www.dimitriosnalmpantis.com\/\">https:\/\/www.dimitriosnalmpantis.com\/<\/a><\/p>\t\t\t\t\t\t\t\t<\/div>\n\t\t\t\t<\/div>\n\t\t\t\t\t<\/div>\n\t\t\t\t<\/div>\n\t\t\t\t<\/div>","protected":false},"excerpt":{"rendered":"<p>Contact If you have a question or comment or you just want to learn more about WalkingBus, please contact us: [&hellip;]<\/p>\n","protected":false},"author":1,"featured_media":0,"parent":0,"menu_order":0,"comment_status":"closed","ping_status":"closed","template":"","meta":{"site-sidebar-layout":"no-sidebar","site-content-layout":"","ast-site-content-layout":"full-width-container","site-content-style":"default","site-sidebar-style":"default","ast-global-header-display":"","ast-banner-title-visibility":"","ast-main-header-display":"","ast-hfb-above-header-display":"","ast-hfb-below-header-display":"","ast-hfb-mobile-header-display":"","site-post-title":"disabled","ast-breadcrumbs-content":"","ast-featured-img":"disabled","footer-sml-layout":"","ast-disable-related-posts":"","theme-transparent-header-meta":"","adv-header-id-meta":"","stick-header-meta":"","header-above-stick-meta":"","header-main-stick-meta":"","header-below-stick-meta":"","astra-migrate-meta-layouts":"default","ast-page-background-enabled":"default","ast-page-background-meta":{"desktop":{"background-color":"var(--ast-global-color-4)","background-image":"","background-repeat":"repeat","background-position":"center center","background-size":"auto","background-attachment":"scroll","background-type":"","background-media":"","overlay-type":"","overlay-color":"","overlay-opacity":"","overlay-gradient":""},"tablet":{"background-color":"","background-image":"","background-repeat":"repeat","background-position":"center center","background-size":"auto","background-attachment":"scroll","background-type":"","background-media":"","overlay-type":"","overlay-color":"","overlay-opacity":"","overlay-gradient":""},"mobile":{"background-color":"","background-image":"","background-repeat":"repeat","background-position":"center center","background-size":"auto","background-attachment":"scroll","background-type":"","background-media":"","overlay-type":"","overlay-color":"","overlay-opacity":"","overlay-gradient":""}},"ast-content-background-meta":{"desktop":{"background-color":"var(--ast-global-color-5)","background-image":"","background-repeat":"repeat","background-position":"center center","background-size":"auto","background-attachment":"scroll","background-type":"","background-media":"","overlay-type":"","overlay-color":"","overlay-opacity":"","overlay-gradient":""},"tablet":{"background-color":"var(--ast-global-color-5)","background-image":"","background-repeat":"repeat","background-position":"center center","background-size":"auto","background-attachment":"scroll","background-type":"","background-media":"","overlay-type":"","overlay-color":"","overlay-opacity":"","overlay-gradient":""},"mobile":{"background-color":"var(--ast-global-color-5)","background-image":"","background-repeat":"repeat","background-position":"center center","background-size":"auto","background-attachment":"scroll","background-type":"","background-media":"","overlay-type":"","overlay-color":"","overlay-opacity":"","overlay-gradient":""}},"footnotes":""},"class_list":["post-76","page","type-page","status-publish","hentry"],"_links":{"self":[{"href":"https:\/\/walkingbus.eu\/tr\/wp-json\/wp\/v2\/pages\/76","targetHints":{"allow":["GET"]}}],"collection":[{"href":"https:\/\/walkingbus.eu\/tr\/wp-json\/wp\/v2\/pages"}],"about":[{"href":"https:\/\/walkingbus.eu\/tr\/wp-json\/wp\/v2\/types\/page"}],"author":[{"embeddable":true,"href":"https:\/\/walkingbus.eu\/tr\/wp-json\/wp\/v2\/users\/1"}],"replies":[{"embeddable":true,"href":"https:\/\/walkingbus.eu\/tr\/wp-json\/wp\/v2\/comments?post=76"}],"version-history":[{"count":9,"href":"https:\/\/walkingbus.eu\/tr\/wp-json\/wp\/v2\/pages\/76\/revisions"}],"predecessor-version":[{"id":123,"href":"https:\/\/walkingbus.eu\/tr\/wp-json\/wp\/v2\/pages\/76\/revisions\/123"}],"wp:attachment":[{"href":"https:\/\/walkingbus.eu\/tr\/wp-json\/wp\/v2\/media?parent=76"}],"curies":[{"name":"wp","href":"https:\/\/api.w.org\/{rel}","templated":true}]}}