{"id":61,"date":"2024-01-17T15:56:30","date_gmt":"2024-01-17T15:56:30","guid":{"rendered":"https:\/\/walkingbus.eu\/?page_id=61"},"modified":"2025-04-04T22:39:53","modified_gmt":"2025-04-04T22:39:53","slug":"results","status":"publish","type":"page","link":"https:\/\/walkingbus.eu\/tr\/results\/","title":{"rendered":"Sonu\u00e7lar"},"content":{"rendered":"<div data-elementor-type=\"wp-page\" data-elementor-id=\"61\" class=\"elementor elementor-61\">\n\t\t\t\t<div class=\"elementor-element elementor-element-abe43d2 e-flex e-con-boxed e-con e-parent\" data-id=\"abe43d2\" data-element_type=\"container\" data-e-type=\"container\">\n\t\t\t\t\t<div class=\"e-con-inner\">\n\t\t\t\t<div class=\"elementor-element elementor-element-03385a2 elementor-widget elementor-widget-heading\" data-id=\"03385a2\" data-element_type=\"widget\" data-e-type=\"widget\" data-widget_type=\"heading.default\">\n\t\t\t\t<div class=\"elementor-widget-container\">\n\t\t\t\t\t<h2 class=\"elementor-heading-title elementor-size-default\">Sonu\u00e7lar<\/h2>\t\t\t\t<\/div>\n\t\t\t\t<\/div>\n\t\t\t\t\t<\/div>\n\t\t\t\t<\/div>\n\t\t<div class=\"elementor-element elementor-element-33cb627 e-grid e-con-boxed e-con e-parent\" data-id=\"33cb627\" data-element_type=\"container\" data-e-type=\"container\">\n\t\t\t\t\t<div class=\"e-con-inner\">\n\t\t<div class=\"elementor-element elementor-element-773475d e-flex e-con-boxed e-con e-child\" data-id=\"773475d\" data-element_type=\"container\" data-e-type=\"container\" data-settings=\"{&quot;background_background&quot;:&quot;classic&quot;}\">\n\t\t\t\t\t<div class=\"e-con-inner\">\n\t\t\t\t<div class=\"elementor-element elementor-element-cdc03f6 elementor-widget elementor-widget-heading\" data-id=\"cdc03f6\" data-element_type=\"widget\" data-e-type=\"widget\" data-widget_type=\"heading.default\">\n\t\t\t\t<div class=\"elementor-widget-container\">\n\t\t\t\t\t<h2 class=\"elementor-heading-title elementor-size-default\">WalkingBus Deposu<\/h2>\t\t\t\t<\/div>\n\t\t\t\t<\/div>\n\t\t\t\t<div class=\"elementor-element elementor-element-63d950e elementor-widget elementor-widget-text-editor\" data-id=\"63d950e\" data-element_type=\"widget\" data-e-type=\"widget\" data-widget_type=\"text-editor.default\">\n\t\t\t\t<div class=\"elementor-widget-container\">\n\t\t\t\t\t\t\t\t\t<p>Havuzda, be\u015fi WalkingBus projesine kat\u0131lan \u00fclkelerden, be\u015fi Avrupa'n\u0131n geri kalan\u0131ndan ve be\u015fi de d\u00fcnyan\u0131n geri kalan\u0131ndan olmak \u00fczere on be\u015f y\u00fcr\u00fcyen otob\u00fcs vaka \u00e7al\u0131\u015fmas\u0131 sunulmu\u015ftur. Bu vaka \u00e7al\u0131\u015fmalar\u0131ndan, geride kalan \u00fclkeler taraf\u0131ndan takip edilmesi gereken baz\u0131 ba\u015far\u0131 fakt\u00f6rleri oldu\u011fu gibi \u00f6nemli sonu\u00e7lar elde edilmi\u015ftir.<\/p>\t\t\t\t\t\t\t\t<\/div>\n\t\t\t\t<\/div>\n\t\t\t\t<div class=\"elementor-element elementor-element-6716328 elementor-align-center elementor-widget elementor-widget-button\" data-id=\"6716328\" data-element_type=\"widget\" data-e-type=\"widget\" data-widget_type=\"button.default\">\n\t\t\t\t<div class=\"elementor-widget-container\">\n\t\t\t\t\t\t\t\t\t<div class=\"elementor-button-wrapper\">\n\t\t\t\t\t<a class=\"elementor-button elementor-button-link elementor-size-sm\" href=\"https:\/\/walkingbus.eu\/wp-content\/uploads\/2025\/04\/WalkingBus-D2.1.pdf\">\n\t\t\t\t\t\t<span class=\"elementor-button-content-wrapper\">\n\t\t\t\t\t\t\t\t\t<span class=\"elementor-button-text\">Buradan indirin<\/span>\n\t\t\t\t\t<\/span>\n\t\t\t\t\t<\/a>\n\t\t\t\t<\/div>\n\t\t\t\t\t\t\t\t<\/div>\n\t\t\t\t<\/div>\n\t\t\t\t\t<\/div>\n\t\t\t\t<\/div>\n\t\t<div class=\"elementor-element elementor-element-8170af8 e-con-full e-flex e-con e-child\" data-id=\"8170af8\" data-element_type=\"container\" data-e-type=\"container\" data-settings=\"{&quot;background_background&quot;:&quot;classic&quot;}\">\n\t\t\t\t<div class=\"elementor-element elementor-element-d5a9070 elementor-widget elementor-widget-heading\" data-id=\"d5a9070\" data-element_type=\"widget\" data-e-type=\"widget\" data-widget_type=\"heading.default\">\n\t\t\t\t<div class=\"elementor-widget-container\">\n\t\t\t\t\t<h2 class=\"elementor-heading-title elementor-size-default\">WalkingBus K\u0131lavuz<\/h2>\t\t\t\t<\/div>\n\t\t\t\t<\/div>\n\t\t\t\t<div class=\"elementor-element elementor-element-9b11311 elementor-widget elementor-widget-text-editor\" data-id=\"9b11311\" data-element_type=\"widget\" data-e-type=\"widget\" data-widget_type=\"text-editor.default\">\n\t\t\t\t<div class=\"elementor-widget-container\">\n\t\t\t\t\t\t\t\t\t<p>Pedibus El Kitab\u0131, mevcut literat\u00fcr\u00fcn ve d\u00fcnyan\u0131n d\u00f6rt bir yan\u0131ndaki di\u011fer WalkingBus el kitaplar\u0131n\u0131n g\u00f6zden ge\u00e7irilmesiyle olu\u015fturulmu\u015f, WalkingBus etkinliklerini d\u00fczenlemek i\u00e7in pratik bir ara\u00e7t\u0131r. Yunanistan, \u0130talya ve T\u00fcrkiye'de Pedibus projesinin g\u00fczergahlar\u0131n\u0131 planlamak i\u00e7in yap\u0131lan ortak yarat\u0131m at\u00f6lyelerinden elde edilen bilgileri i\u00e7ermektedir.<\/p>\t\t\t\t\t\t\t\t<\/div>\n\t\t\t\t<\/div>\n\t\t\t\t<div class=\"elementor-element elementor-element-6cf38ea elementor-align-center elementor-widget elementor-widget-button\" data-id=\"6cf38ea\" data-element_type=\"widget\" data-e-type=\"widget\" data-widget_type=\"button.default\">\n\t\t\t\t<div class=\"elementor-widget-container\">\n\t\t\t\t\t\t\t\t\t<div class=\"elementor-button-wrapper\">\n\t\t\t\t\t<a class=\"elementor-button elementor-button-link elementor-size-sm\" href=\"https:\/\/walkingbus.eu\/wp-content\/uploads\/2025\/04\/WalkingBus-D2.2.pdf\">\n\t\t\t\t\t\t<span class=\"elementor-button-content-wrapper\">\n\t\t\t\t\t\t\t\t\t<span class=\"elementor-button-text\">Buradan indirin<\/span>\n\t\t\t\t\t<\/span>\n\t\t\t\t\t<\/a>\n\t\t\t\t<\/div>\n\t\t\t\t\t\t\t\t<\/div>\n\t\t\t\t<\/div>\n\t\t\t\t<\/div>\n\t\t<div class=\"elementor-element elementor-element-e8e6d53 e-con-full e-flex e-con e-child\" data-id=\"e8e6d53\" data-element_type=\"container\" data-e-type=\"container\" data-settings=\"{&quot;background_background&quot;:&quot;classic&quot;}\">\n\t\t\t\t<div class=\"elementor-element elementor-element-630eaee elementor-widget elementor-widget-heading\" data-id=\"630eaee\" data-element_type=\"widget\" data-e-type=\"widget\" data-widget_type=\"heading.default\">\n\t\t\t\t<div class=\"elementor-widget-container\">\n\t\t\t\t\t<h2 class=\"elementor-heading-title elementor-size-default\">E\u011fitim semineri<\/h2>\t\t\t\t<\/div>\n\t\t\t\t<\/div>\n\t\t\t\t<div class=\"elementor-element elementor-element-f81c743 elementor-widget elementor-widget-text-editor\" data-id=\"f81c743\" data-element_type=\"widget\" data-e-type=\"widget\" data-widget_type=\"text-editor.default\">\n\t\t\t\t<div class=\"elementor-widget-container\">\n\t\t\t\t\t\t\t\t\t<p>Bu belge, WalkingBus'taki faaliyetlerinden \u00f6nce g\u00f6n\u00fcll\u00fcleri e\u011fitmek i\u00e7in d\u00fczenlenen seminerlerin sonu\u00e7lar\u0131n\u0131 \u00f6zetlemektedir. Asl\u0131nda, faaliyetin verimlili\u011fini ve kapsam\u0131n\u0131 en \u00fcst d\u00fczeye \u00e7\u0131karmak i\u00e7in konsorsiyum her \u00fclkede ilgili yerel dilde bir e\u011fitim semineri d\u00fczenlemeye karar verdi. Seminerler \u015fahsen veya \u00e7evrimi\u00e7i olarak ger\u00e7ekle\u015ftirilmi\u015ftir.<\/p>\t\t\t\t\t\t\t\t<\/div>\n\t\t\t\t<\/div>\n\t\t\t\t<div class=\"elementor-element elementor-element-4d282a7 elementor-align-center elementor-widget elementor-widget-button\" data-id=\"4d282a7\" data-element_type=\"widget\" data-e-type=\"widget\" data-widget_type=\"button.default\">\n\t\t\t\t<div class=\"elementor-widget-container\">\n\t\t\t\t\t\t\t\t\t<div class=\"elementor-button-wrapper\">\n\t\t\t\t\t<a class=\"elementor-button elementor-button-link elementor-size-sm\" href=\"https:\/\/walkingbus.eu\/wp-content\/uploads\/2025\/04\/WalkingBus-D3.1.pdf\">\n\t\t\t\t\t\t<span class=\"elementor-button-content-wrapper\">\n\t\t\t\t\t\t\t\t\t<span class=\"elementor-button-text\">Buradan indirin<\/span>\n\t\t\t\t\t<\/span>\n\t\t\t\t\t<\/a>\n\t\t\t\t<\/div>\n\t\t\t\t\t\t\t\t<\/div>\n\t\t\t\t<\/div>\n\t\t\t\t<\/div>\n\t\t<div class=\"elementor-element elementor-element-cd63a29 e-con-full e-flex e-con e-child\" data-id=\"cd63a29\" data-element_type=\"container\" data-e-type=\"container\" data-settings=\"{&quot;background_background&quot;:&quot;classic&quot;}\">\n\t\t\t\t<div class=\"elementor-element elementor-element-6e4eeb9 elementor-widget elementor-widget-heading\" data-id=\"6e4eeb9\" data-element_type=\"widget\" data-e-type=\"widget\" data-widget_type=\"heading.default\">\n\t\t\t\t<div class=\"elementor-widget-container\">\n\t\t\t\t\t<h2 class=\"elementor-heading-title elementor-size-default\">WalkingBus Uygulamas\u0131<\/h2>\t\t\t\t<\/div>\n\t\t\t\t<\/div>\n\t\t\t\t<div class=\"elementor-element elementor-element-6d2f248 elementor-widget elementor-widget-text-editor\" data-id=\"6d2f248\" data-element_type=\"widget\" data-e-type=\"widget\" data-widget_type=\"text-editor.default\">\n\t\t\t\t<div class=\"elementor-widget-container\">\n\t\t\t\t\t\t\t\t\t<p>Bu WalkingBus D3.2'dir: WalkingBus Uygulamas\u0131. Bu kamuya a\u00e7\u0131k belge, \u00fclke baz\u0131nda (Yunanistan, T\u00fcrkiye, \u0130talya) \u00fc\u00e7 WalkingBus pilot d\u00f6ng\u00fcs\u00fcn\u00fcn uygulanmas\u0131n\u0131 \u00f6zetlemektedir. Pilot d\u00f6ng\u00fcler her a\u00e7\u0131dan WalkingBus faaliyetleriydi, ancak faaliyetin g\u00fc\u00e7l\u00fc ve zay\u0131f y\u00f6nlerini anlamak ve d\u00fczeltici eylemleri uygulayabilmek i\u00e7in dikkatle izlendiler.<\/p>\t\t\t\t\t\t\t\t<\/div>\n\t\t\t\t<\/div>\n\t\t\t\t<div class=\"elementor-element elementor-element-5a14fe1 elementor-align-center elementor-widget elementor-widget-button\" data-id=\"5a14fe1\" data-element_type=\"widget\" data-e-type=\"widget\" data-widget_type=\"button.default\">\n\t\t\t\t<div class=\"elementor-widget-container\">\n\t\t\t\t\t\t\t\t\t<div class=\"elementor-button-wrapper\">\n\t\t\t\t\t<a class=\"elementor-button elementor-button-link elementor-size-sm\" href=\"https:\/\/walkingbus.eu\/wp-content\/uploads\/2025\/04\/WalkingBus-D3.2-compressed.pdf\">\n\t\t\t\t\t\t<span class=\"elementor-button-content-wrapper\">\n\t\t\t\t\t\t\t\t\t<span class=\"elementor-button-text\">Buradan indirin<\/span>\n\t\t\t\t\t<\/span>\n\t\t\t\t\t<\/a>\n\t\t\t\t<\/div>\n\t\t\t\t\t\t\t\t<\/div>\n\t\t\t\t<\/div>\n\t\t\t\t<\/div>\n\t\t\t\t\t<\/div>\n\t\t\t\t<\/div>\n\t\t\t\t<\/div>","protected":false},"excerpt":{"rendered":"<p>Results WalkingBus Repository In\u00a0 the repository, fifteen walking bus case studies are presented, five from the WalkingBus project participating countries, [&hellip;]<\/p>\n","protected":false},"author":1,"featured_media":0,"parent":0,"menu_order":0,"comment_status":"closed","ping_status":"closed","template":"","meta":{"site-sidebar-layout":"no-sidebar","site-content-layout":"","ast-site-content-layout":"full-width-container","site-content-style":"default","site-sidebar-style":"default","ast-global-header-display":"","ast-banner-title-visibility":"","ast-main-header-display":"","ast-hfb-above-header-display":"","ast-hfb-below-header-display":"","ast-hfb-mobile-header-display":"","site-post-title":"disabled","ast-breadcrumbs-content":"","ast-featured-img":"disabled","footer-sml-layout":"","ast-disable-related-posts":"","theme-transparent-header-meta":"","adv-header-id-meta":"","stick-header-meta":"","header-above-stick-meta":"","header-main-stick-meta":"","header-below-stick-meta":"","astra-migrate-meta-layouts":"default","ast-page-background-enabled":"default","ast-page-background-meta":{"desktop":{"background-color":"var(--ast-global-color-4)","background-image":"","background-repeat":"repeat","background-position":"center center","background-size":"auto","background-attachment":"scroll","background-type":"","background-media":"","overlay-type":"","overlay-color":"","overlay-opacity":"","overlay-gradient":""},"tablet":{"background-color":"","background-image":"","background-repeat":"repeat","background-position":"center center","background-size":"auto","background-attachment":"scroll","background-type":"","background-media":"","overlay-type":"","overlay-color":"","overlay-opacity":"","overlay-gradient":""},"mobile":{"background-color":"","background-image":"","background-repeat":"repeat","background-position":"center center","background-size":"auto","background-attachment":"scroll","background-type":"","background-media":"","overlay-type":"","overlay-color":"","overlay-opacity":"","overlay-gradient":""}},"ast-content-background-meta":{"desktop":{"background-color":"var(--ast-global-color-5)","background-image":"","background-repeat":"repeat","background-position":"center center","background-size":"auto","background-attachment":"scroll","background-type":"","background-media":"","overlay-type":"","overlay-color":"","overlay-opacity":"","overlay-gradient":""},"tablet":{"background-color":"var(--ast-global-color-5)","background-image":"","background-repeat":"repeat","background-position":"center center","background-size":"auto","background-attachment":"scroll","background-type":"","background-media":"","overlay-type":"","overlay-color":"","overlay-opacity":"","overlay-gradient":""},"mobile":{"background-color":"var(--ast-global-color-5)","background-image":"","background-repeat":"repeat","background-position":"center center","background-size":"auto","background-attachment":"scroll","background-type":"","background-media":"","overlay-type":"","overlay-color":"","overlay-opacity":"","overlay-gradient":""}},"footnotes":""},"class_list":["post-61","page","type-page","status-publish","hentry"],"_links":{"self":[{"href":"https:\/\/walkingbus.eu\/tr\/wp-json\/wp\/v2\/pages\/61","targetHints":{"allow":["GET"]}}],"collection":[{"href":"https:\/\/walkingbus.eu\/tr\/wp-json\/wp\/v2\/pages"}],"about":[{"href":"https:\/\/walkingbus.eu\/tr\/wp-json\/wp\/v2\/types\/page"}],"author":[{"embeddable":true,"href":"https:\/\/walkingbus.eu\/tr\/wp-json\/wp\/v2\/users\/1"}],"replies":[{"embeddable":true,"href":"https:\/\/walkingbus.eu\/tr\/wp-json\/wp\/v2\/comments?post=61"}],"version-history":[{"count":9,"href":"https:\/\/walkingbus.eu\/tr\/wp-json\/wp\/v2\/pages\/61\/revisions"}],"predecessor-version":[{"id":153,"href":"https:\/\/walkingbus.eu\/tr\/wp-json\/wp\/v2\/pages\/61\/revisions\/153"}],"wp:attachment":[{"href":"https:\/\/walkingbus.eu\/tr\/wp-json\/wp\/v2\/media?parent=61"}],"curies":[{"name":"wp","href":"https:\/\/api.w.org\/{rel}","templated":true}]}}