{"id":56,"date":"2024-01-17T15:48:16","date_gmt":"2024-01-17T15:48:16","guid":{"rendered":"https:\/\/walkingbus.eu\/?page_id=56"},"modified":"2024-01-17T15:49:53","modified_gmt":"2024-01-17T15:49:53","slug":"objectives","status":"publish","type":"page","link":"https:\/\/walkingbus.eu\/tr\/objectives\/","title":{"rendered":"Hedefler"},"content":{"rendered":"<div data-elementor-type=\"wp-page\" data-elementor-id=\"56\" class=\"elementor elementor-56\">\n\t\t\t\t<div class=\"elementor-element elementor-element-d5170f9 e-flex e-con-boxed e-con e-parent\" data-id=\"d5170f9\" data-element_type=\"container\" data-e-type=\"container\">\n\t\t\t\t\t<div class=\"e-con-inner\">\n\t\t\t\t<div class=\"elementor-element elementor-element-584d6e0 elementor-widget elementor-widget-heading\" data-id=\"584d6e0\" data-element_type=\"widget\" data-e-type=\"widget\" data-widget_type=\"heading.default\">\n\t\t\t\t<div class=\"elementor-widget-container\">\n\t\t\t\t\t<h2 class=\"elementor-heading-title elementor-size-default\">Hedefler<\/h2>\t\t\t\t<\/div>\n\t\t\t\t<\/div>\n\t\t\t\t<div class=\"elementor-element elementor-element-3a9f3e5 elementor-widget elementor-widget-text-editor\" data-id=\"3a9f3e5\" data-element_type=\"widget\" data-e-type=\"widget\" data-widget_type=\"text-editor.default\">\n\t\t\t\t<div class=\"elementor-widget-container\">\n\t\t\t\t\t\t\t\t\t<ol><li>Fiziksel Aktiviteyi Te\u015fvik Edin: \u00c7ocuklar\u0131 d\u00fczenli olarak y\u00fcr\u00fcmeye te\u015fvik ederek fiziksel uygunluklar\u0131n\u0131 ve sa\u011fl\u0131klar\u0131n\u0131 geli\u015ftirin.<\/li><li>Trafik S\u0131k\u0131\u015f\u0131kl\u0131\u011f\u0131n\u0131 Azalt\u0131n: Y\u00fcr\u00fcmeyi tercih edilen bir i\u015fe gidip gelme y\u00f6ntemi haline getirerek okullar\u0131n yak\u0131n\u0131ndaki trafi\u011fi hafifletin.<\/li><li>\u00c7evresel Fark\u0131ndal\u0131k: \u00c7ocuklar\u0131 y\u00fcr\u00fcmenin \u00e7evresel faydalar\u0131 konusunda e\u011fiterek s\u00fcrd\u00fcr\u00fclebilir bir zihniyeti te\u015fvik edin.<\/li><li>Topluluk Kat\u0131l\u0131m\u0131: Okullar\u0131, ebeveynleri ve yerel kurulu\u015flar\u0131 destekleyici bir y\u00fcr\u00fcy\u00fc\u015f toplulu\u011fu olu\u015fturmaya dahil edin.<\/li><li>Yol G\u00fcvenli\u011fi E\u011fitimi: \u00c7ocuklara pratik deneyim yoluyla temel yol g\u00fcvenli\u011fi becerilerini \u00f6\u011fretin.<\/li><\/ol><p>\u00c7ocuklar\u0131m\u0131z i\u00e7in daha sa\u011fl\u0131kl\u0131, daha ye\u015fil bir gelecek i\u00e7in bu hedeflere ula\u015fmada bize kat\u0131l\u0131n!<\/p>\t\t\t\t\t\t\t\t<\/div>\n\t\t\t\t<\/div>\n\t\t\t\t\t<\/div>\n\t\t\t\t<\/div>\n\t\t\t\t<\/div>","protected":false},"excerpt":{"rendered":"<p>Objectives Promote Physical Activity: Encourage children to walk regularly, enhancing their physical fitness and health. Reduce Traffic Congestion: Alleviate traffic [&hellip;]<\/p>\n","protected":false},"author":1,"featured_media":0,"parent":0,"menu_order":0,"comment_status":"closed","ping_status":"closed","template":"","meta":{"site-sidebar-layout":"no-sidebar","site-content-layout":"","ast-site-content-layout":"full-width-container","site-content-style":"default","site-sidebar-style":"default","ast-global-header-display":"","ast-banner-title-visibility":"","ast-main-header-display":"","ast-hfb-above-header-display":"","ast-hfb-below-header-display":"","ast-hfb-mobile-header-display":"","site-post-title":"disabled","ast-breadcrumbs-content":"","ast-featured-img":"disabled","footer-sml-layout":"","ast-disable-related-posts":"","theme-transparent-header-meta":"","adv-header-id-meta":"","stick-header-meta":"","header-above-stick-meta":"","header-main-stick-meta":"","header-below-stick-meta":"","astra-migrate-meta-layouts":"default","ast-page-background-enabled":"default","ast-page-background-meta":{"desktop":{"background-color":"var(--ast-global-color-4)","background-image":"","background-repeat":"repeat","background-position":"center center","background-size":"auto","background-attachment":"scroll","background-type":"","background-media":"","overlay-type":"","overlay-color":"","overlay-opacity":"","overlay-gradient":""},"tablet":{"background-color":"","background-image":"","background-repeat":"repeat","background-position":"center center","background-size":"auto","background-attachment":"scroll","background-type":"","background-media":"","overlay-type":"","overlay-color":"","overlay-opacity":"","overlay-gradient":""},"mobile":{"background-color":"","background-image":"","background-repeat":"repeat","background-position":"center center","background-size":"auto","background-attachment":"scroll","background-type":"","background-media":"","overlay-type":"","overlay-color":"","overlay-opacity":"","overlay-gradient":""}},"ast-content-background-meta":{"desktop":{"background-color":"var(--ast-global-color-5)","background-image":"","background-repeat":"repeat","background-position":"center center","background-size":"auto","background-attachment":"scroll","background-type":"","background-media":"","overlay-type":"","overlay-color":"","overlay-opacity":"","overlay-gradient":""},"tablet":{"background-color":"var(--ast-global-color-5)","background-image":"","background-repeat":"repeat","background-position":"center center","background-size":"auto","background-attachment":"scroll","background-type":"","background-media":"","overlay-type":"","overlay-color":"","overlay-opacity":"","overlay-gradient":""},"mobile":{"background-color":"var(--ast-global-color-5)","background-image":"","background-repeat":"repeat","background-position":"center center","background-size":"auto","background-attachment":"scroll","background-type":"","background-media":"","overlay-type":"","overlay-color":"","overlay-opacity":"","overlay-gradient":""}},"footnotes":""},"class_list":["post-56","page","type-page","status-publish","hentry"],"_links":{"self":[{"href":"https:\/\/walkingbus.eu\/tr\/wp-json\/wp\/v2\/pages\/56","targetHints":{"allow":["GET"]}}],"collection":[{"href":"https:\/\/walkingbus.eu\/tr\/wp-json\/wp\/v2\/pages"}],"about":[{"href":"https:\/\/walkingbus.eu\/tr\/wp-json\/wp\/v2\/types\/page"}],"author":[{"embeddable":true,"href":"https:\/\/walkingbus.eu\/tr\/wp-json\/wp\/v2\/users\/1"}],"replies":[{"embeddable":true,"href":"https:\/\/walkingbus.eu\/tr\/wp-json\/wp\/v2\/comments?post=56"}],"version-history":[{"count":3,"href":"https:\/\/walkingbus.eu\/tr\/wp-json\/wp\/v2\/pages\/56\/revisions"}],"predecessor-version":[{"id":59,"href":"https:\/\/walkingbus.eu\/tr\/wp-json\/wp\/v2\/pages\/56\/revisions\/59"}],"wp:attachment":[{"href":"https:\/\/walkingbus.eu\/tr\/wp-json\/wp\/v2\/media?parent=56"}],"curies":[{"name":"wp","href":"https:\/\/api.w.org\/{rel}","templated":true}]}}