{"id":19,"date":"2024-01-17T14:58:30","date_gmt":"2024-01-17T14:58:30","guid":{"rendered":"https:\/\/walkingbus.eu\/?page_id=19"},"modified":"2025-04-04T14:32:40","modified_gmt":"2025-04-04T14:32:40","slug":"home","status":"publish","type":"page","link":"https:\/\/walkingbus.eu\/tr\/","title":{"rendered":"Ev"},"content":{"rendered":"<div data-elementor-type=\"wp-page\" data-elementor-id=\"19\" class=\"elementor elementor-19\">\n\t\t\t\t<div class=\"elementor-element elementor-element-615f9ee e-flex e-con-boxed e-con e-parent\" data-id=\"615f9ee\" data-element_type=\"container\" data-e-type=\"container\">\n\t\t\t\t\t<div class=\"e-con-inner\">\n\t\t<div class=\"elementor-element elementor-element-b1e372a e-con-full e-flex e-con e-child\" data-id=\"b1e372a\" data-element_type=\"container\" data-e-type=\"container\" data-settings=\"{&quot;background_background&quot;:&quot;classic&quot;}\">\n\t\t\t\t<div class=\"elementor-element elementor-element-0dd0602 elementor-widget elementor-widget-heading\" data-id=\"0dd0602\" data-element_type=\"widget\" data-e-type=\"widget\" data-widget_type=\"heading.default\">\n\t\t\t\t<div class=\"elementor-widget-container\">\n\t\t\t\t\t<h1 class=\"elementor-heading-title elementor-size-default\">WalkingBus'a Ho\u015f Geldiniz<\/h1>\t\t\t\t<\/div>\n\t\t\t\t<\/div>\n\t\t\t\t<div class=\"elementor-element elementor-element-79e5591 elementor-widget elementor-widget-heading\" data-id=\"79e5591\" data-element_type=\"widget\" data-e-type=\"widget\" data-widget_type=\"heading.default\">\n\t\t\t\t<div class=\"elementor-widget-container\">\n\t\t\t\t\t<h3 class=\"elementor-heading-title elementor-size-default\">\u00c7ocuklar\u0131m\u0131z \u0130\u00e7in Daha Sa\u011fl\u0131kl\u0131 Bir Gelece\u011fe Do\u011fru Bir Ad\u0131m<\/h3>\t\t\t\t<\/div>\n\t\t\t\t<\/div>\n\t\t\t\t<div class=\"elementor-element elementor-element-2b9af43 elementor-widget elementor-widget-text-editor\" data-id=\"2b9af43\" data-element_type=\"widget\" data-e-type=\"widget\" data-widget_type=\"text-editor.default\">\n\t\t\t\t<div class=\"elementor-widget-container\">\n\t\t\t\t\t\t\t\t\t<p>Her g\u00fcn okula gidip gelmeyi e\u011flenceli, sa\u011fl\u0131kl\u0131 ve \u00e7evre dostu bir yolculu\u011fa d\u00f6n\u00fc\u015ft\u00fcrmek i\u00e7in bize kat\u0131l\u0131n! Erasmus+ giri\u015fiminin bir par\u00e7as\u0131 olan Y\u00fcr\u00fcyen Otob\u00fcs Projesi, 'y\u00fcr\u00fcyen otob\u00fcsler' konsepti arac\u0131l\u0131\u011f\u0131yla \u00e7ocuklar aras\u0131nda fiziksel aktiviteyi te\u015fvik etmeye adanm\u0131\u015ft\u0131r. Misyonumuz, d\u00fczenli bir uygulama olarak y\u00fcr\u00fcmeyi te\u015fvik etmek, okullar\u0131n yak\u0131n\u0131ndaki trafik s\u0131k\u0131\u015f\u0131kl\u0131\u011f\u0131n\u0131 azaltmak ve \u00e7evre bilincini geli\u015ftirmektir. \u00c7ocuk sa\u011fl\u0131\u011f\u0131 konusunda nas\u0131l bir fark yaratt\u0131\u011f\u0131m\u0131z\u0131 ke\u015ffedin ve daha aktif ve s\u00fcrd\u00fcr\u00fclebilir bir gelecek in\u015fa etmek i\u00e7in bize kat\u0131l\u0131n!<\/p>\t\t\t\t\t\t\t\t<\/div>\n\t\t\t\t<\/div>\n\t\t\t\t<\/div>\n\t\t\t\t\t<\/div>\n\t\t\t\t<\/div>\n\t\t<div class=\"elementor-element elementor-element-bf0f18a e-flex e-con-boxed e-con e-parent\" data-id=\"bf0f18a\" data-element_type=\"container\" data-e-type=\"container\">\n\t\t\t\t\t<div class=\"e-con-inner\">\n\t\t\t\t\t<\/div>\n\t\t\t\t<\/div>\n\t\t<div class=\"elementor-element elementor-element-2ac0d7f e-grid e-con-boxed e-con e-parent\" data-id=\"2ac0d7f\" data-element_type=\"container\" data-e-type=\"container\">\n\t\t\t\t\t<div class=\"e-con-inner\">\n\t\t\t\t<div class=\"elementor-element elementor-element-0336ea5 elementor-widget elementor-widget-image\" data-id=\"0336ea5\" data-element_type=\"widget\" data-e-type=\"widget\" data-widget_type=\"image.default\">\n\t\t\t\t<div class=\"elementor-widget-container\">\n\t\t\t\t\t\t\t\t\t\t\t\t\t\t\t\t<a href=\"https:\/\/walkingbus.eu\/tr\/partners\/\">\n\t\t\t\t\t\t\t<img fetchpriority=\"high\" decoding=\"async\" width=\"1024\" height=\"1024\" src=\"https:\/\/walkingbus.eu\/wp-content\/uploads\/2025\/04\/LogoAUTH300ppi-1024x1024.png\" class=\"attachment-large size-large wp-image-126\" alt=\"\" srcset=\"https:\/\/walkingbus.eu\/wp-content\/uploads\/2025\/04\/LogoAUTH300ppi-1024x1024.png 1024w, https:\/\/walkingbus.eu\/wp-content\/uploads\/2025\/04\/LogoAUTH300ppi-300x300.png 300w, https:\/\/walkingbus.eu\/wp-content\/uploads\/2025\/04\/LogoAUTH300ppi-150x150.png 150w, https:\/\/walkingbus.eu\/wp-content\/uploads\/2025\/04\/LogoAUTH300ppi-768x768.png 768w, https:\/\/walkingbus.eu\/wp-content\/uploads\/2025\/04\/LogoAUTH300ppi.png 1250w\" sizes=\"(max-width: 1024px) 100vw, 1024px\" \/>\t\t\t\t\t\t\t\t<\/a>\n\t\t\t\t\t\t\t\t\t\t\t\t\t\t\t<\/div>\n\t\t\t\t<\/div>\n\t\t\t\t<div class=\"elementor-element elementor-element-80cef65 elementor-widget elementor-widget-image\" data-id=\"80cef65\" data-element_type=\"widget\" data-e-type=\"widget\" data-widget_type=\"image.default\">\n\t\t\t\t<div class=\"elementor-widget-container\">\n\t\t\t\t\t\t\t\t\t\t\t\t\t\t\t\t<a href=\"https:\/\/walkingbus.eu\/tr\/partners\/\">\n\t\t\t\t\t\t\t<img decoding=\"async\" width=\"437\" height=\"374\" src=\"https:\/\/walkingbus.eu\/wp-content\/uploads\/2025\/04\/tero_logo_.jpg\" class=\"attachment-large size-large wp-image-127\" alt=\"\" srcset=\"https:\/\/walkingbus.eu\/wp-content\/uploads\/2025\/04\/tero_logo_.jpg 437w, https:\/\/walkingbus.eu\/wp-content\/uploads\/2025\/04\/tero_logo_-300x257.jpg 300w\" sizes=\"(max-width: 437px) 100vw, 437px\" \/>\t\t\t\t\t\t\t\t<\/a>\n\t\t\t\t\t\t\t\t\t\t\t\t\t\t\t<\/div>\n\t\t\t\t<\/div>\n\t\t\t\t<div class=\"elementor-element elementor-element-552f28d elementor-widget elementor-widget-image\" data-id=\"552f28d\" data-element_type=\"widget\" data-e-type=\"widget\" data-widget_type=\"image.default\">\n\t\t\t\t<div class=\"elementor-widget-container\">\n\t\t\t\t\t\t\t\t\t\t\t\t\t\t\t\t<a href=\"https:\/\/walkingbus.eu\/tr\/partners\/\">\n\t\t\t\t\t\t\t<img decoding=\"async\" width=\"1024\" height=\"688\" src=\"https:\/\/walkingbus.eu\/wp-content\/uploads\/2025\/04\/MVNGO-Logo-High1-1024x688.png\" class=\"attachment-large size-large wp-image-129\" alt=\"\" srcset=\"https:\/\/walkingbus.eu\/wp-content\/uploads\/2025\/04\/MVNGO-Logo-High1-1024x688.png 1024w, https:\/\/walkingbus.eu\/wp-content\/uploads\/2025\/04\/MVNGO-Logo-High1-300x202.png 300w, https:\/\/walkingbus.eu\/wp-content\/uploads\/2025\/04\/MVNGO-Logo-High1-768x516.png 768w, https:\/\/walkingbus.eu\/wp-content\/uploads\/2025\/04\/MVNGO-Logo-High1-1536x1032.png 1536w, https:\/\/walkingbus.eu\/wp-content\/uploads\/2025\/04\/MVNGO-Logo-High1-2048x1376.png 2048w\" sizes=\"(max-width: 1024px) 100vw, 1024px\" \/>\t\t\t\t\t\t\t\t<\/a>\n\t\t\t\t\t\t\t\t\t\t\t\t\t\t\t<\/div>\n\t\t\t\t<\/div>\n\t\t\t\t<div class=\"elementor-element elementor-element-fbb0e0b elementor-widget elementor-widget-image\" data-id=\"fbb0e0b\" data-element_type=\"widget\" data-e-type=\"widget\" data-widget_type=\"image.default\">\n\t\t\t\t<div class=\"elementor-widget-container\">\n\t\t\t\t\t\t\t\t\t\t\t\t\t\t\t\t<a href=\"https:\/\/walkingbus.eu\/tr\/partners\/\">\n\t\t\t\t\t\t\t<img loading=\"lazy\" decoding=\"async\" width=\"1024\" height=\"576\" src=\"https:\/\/walkingbus.eu\/wp-content\/uploads\/2025\/04\/Kargenc-Png-1024x576.png\" class=\"attachment-large size-large wp-image-128\" alt=\"\" srcset=\"https:\/\/walkingbus.eu\/wp-content\/uploads\/2025\/04\/Kargenc-Png-1024x576.png 1024w, https:\/\/walkingbus.eu\/wp-content\/uploads\/2025\/04\/Kargenc-Png-300x169.png 300w, https:\/\/walkingbus.eu\/wp-content\/uploads\/2025\/04\/Kargenc-Png-768x432.png 768w, https:\/\/walkingbus.eu\/wp-content\/uploads\/2025\/04\/Kargenc-Png-1536x864.png 1536w, https:\/\/walkingbus.eu\/wp-content\/uploads\/2025\/04\/Kargenc-Png.png 1920w\" sizes=\"(max-width: 1024px) 100vw, 1024px\" \/>\t\t\t\t\t\t\t\t<\/a>\n\t\t\t\t\t\t\t\t\t\t\t\t\t\t\t<\/div>\n\t\t\t\t<\/div>\n\t\t\t\t\t<\/div>\n\t\t\t\t<\/div>\n\t\t\t\t<\/div>","protected":false},"excerpt":{"rendered":"<p>Welcome to WalkingBus A Step Towards a Healthier Future for Our Children Join us in transforming the daily commute to [&hellip;]<\/p>\n","protected":false},"author":1,"featured_media":0,"parent":0,"menu_order":0,"comment_status":"closed","ping_status":"closed","template":"","meta":{"site-sidebar-layout":"no-sidebar","site-content-layout":"","ast-site-content-layout":"full-width-container","site-content-style":"default","site-sidebar-style":"default","ast-global-header-display":"","ast-banner-title-visibility":"","ast-main-header-display":"","ast-hfb-above-header-display":"","ast-hfb-below-header-display":"","ast-hfb-mobile-header-display":"","site-post-title":"disabled","ast-breadcrumbs-content":"","ast-featured-img":"disabled","footer-sml-layout":"","ast-disable-related-posts":"","theme-transparent-header-meta":"default","adv-header-id-meta":"","stick-header-meta":"","header-above-stick-meta":"","header-main-stick-meta":"","header-below-stick-meta":"","astra-migrate-meta-layouts":"set","ast-page-background-enabled":"default","ast-page-background-meta":{"desktop":{"background-color":"var(--ast-global-color-4)","background-image":"","background-repeat":"repeat","background-position":"center center","background-size":"auto","background-attachment":"scroll","background-type":"","background-media":"","overlay-type":"","overlay-color":"","overlay-opacity":"","overlay-gradient":""},"tablet":{"background-color":"","background-image":"","background-repeat":"repeat","background-position":"center center","background-size":"auto","background-attachment":"scroll","background-type":"","background-media":"","overlay-type":"","overlay-color":"","overlay-opacity":"","overlay-gradient":""},"mobile":{"background-color":"","background-image":"","background-repeat":"repeat","background-position":"center center","background-size":"auto","background-attachment":"scroll","background-type":"","background-media":"","overlay-type":"","overlay-color":"","overlay-opacity":"","overlay-gradient":""}},"ast-content-background-meta":{"desktop":{"background-color":"var(--ast-global-color-5)","background-image":"","background-repeat":"repeat","background-position":"center center","background-size":"auto","background-attachment":"scroll","background-type":"","background-media":"","overlay-type":"","overlay-color":"","overlay-opacity":"","overlay-gradient":""},"tablet":{"background-color":"var(--ast-global-color-5)","background-image":"","background-repeat":"repeat","background-position":"center center","background-size":"auto","background-attachment":"scroll","background-type":"","background-media":"","overlay-type":"","overlay-color":"","overlay-opacity":"","overlay-gradient":""},"mobile":{"background-color":"var(--ast-global-color-5)","background-image":"","background-repeat":"repeat","background-position":"center center","background-size":"auto","background-attachment":"scroll","background-type":"","background-media":"","overlay-type":"","overlay-color":"","overlay-opacity":"","overlay-gradient":""}},"footnotes":""},"class_list":["post-19","page","type-page","status-publish","hentry"],"_links":{"self":[{"href":"https:\/\/walkingbus.eu\/tr\/wp-json\/wp\/v2\/pages\/19","targetHints":{"allow":["GET"]}}],"collection":[{"href":"https:\/\/walkingbus.eu\/tr\/wp-json\/wp\/v2\/pages"}],"about":[{"href":"https:\/\/walkingbus.eu\/tr\/wp-json\/wp\/v2\/types\/page"}],"author":[{"embeddable":true,"href":"https:\/\/walkingbus.eu\/tr\/wp-json\/wp\/v2\/users\/1"}],"replies":[{"embeddable":true,"href":"https:\/\/walkingbus.eu\/tr\/wp-json\/wp\/v2\/comments?post=19"}],"version-history":[{"count":14,"href":"https:\/\/walkingbus.eu\/tr\/wp-json\/wp\/v2\/pages\/19\/revisions"}],"predecessor-version":[{"id":141,"href":"https:\/\/walkingbus.eu\/tr\/wp-json\/wp\/v2\/pages\/19\/revisions\/141"}],"wp:attachment":[{"href":"https:\/\/walkingbus.eu\/tr\/wp-json\/wp\/v2\/media?parent=19"}],"curies":[{"name":"wp","href":"https:\/\/api.w.org\/{rel}","templated":true}]}}